{"id":172,"date":"2011-03-27T13:40:05","date_gmt":"2011-03-27T13:40:05","guid":{"rendered":"http:\/\/charnest.free.fr\/testpag\/?page_id=172"},"modified":"2026-01-19T14:15:13","modified_gmt":"2026-01-19T13:15:13","slug":"telechargements","status":"publish","type":"page","link":"https:\/\/chuipastres.net\/joompag\/telechargements\/","title":{"rendered":"T\u00e9l\u00e9chargements"},"content":{"rendered":"<p><strong>D&amp;D &#8211; <\/strong><a href=\"https:\/\/www.chuipastres.net\/joompag\/lapagode\/SurLaRouteDePortdElhour.pdf\">Sur la route de Port d&rsquo;Elhour<\/a> : aventure pour <strong><em>Ravenloft<\/em><\/strong>. <strong>(<\/strong><span style=\"color: #ff9900;\"><strong>AD&amp;D2<\/strong><\/span><strong>)<\/strong><\/p>\n<p><strong>JB007 &#8211;<\/strong>\u00a0<a href=\"http:\/\/www.chuipastres.net\/joompag\/lapagode\/JB007-Les-Recrues-Ne-Meurent-Jamais-v1-.pdf\" target=\"_blank\" rel=\"noopener\">Les recrues ne meurent jamais<\/a> : aventure pour 2 recrues<\/p>\n<p><strong>L5R\/L5A &#8211; <\/strong><a title=\"Le Clan du Vautour\" href=\"https:\/\/www.chuipastres.net\/joompag\/lapagode\/L5R-Clan_du_Vautour.pdf\" target=\"_blank\" rel=\"noopener noreferrer\">Le Clan du Vautour<\/a> : Aide de jeu. <strong><strong>(<span style=\"color: #ff9900;\">L5A\u00a0 1\u00e8re ed.<\/span>)<\/strong><\/strong><\/p>\n<p><strong>PARANOIA<\/strong> &#8211; <a href=\"https:\/\/www.chuipastres.net\/joompag\/lapagode\/Paranoia-Formulaire-suivi-clarificateurs.pdf\">Formulaire de suivi des clarificateurs<\/a><\/p>\n<p><strong>POLARIS<\/strong> &#8211; <a title=\"SIRENE\" href=\"https:\/\/www.chuipastres.net\/joompag\/lapagode\/polaris%20-%20societe%20sirene.pdf\" target=\"_blank\" rel=\"noopener noreferrer\">Soci\u00e9t\u00e9 SIRENE<\/a> : Aide de jeu (v1.0 &#8211; 22 mars 2012).<\/p>\n<p><strong>SHADOWRUN<\/strong> &#8211; <a title=\"CX-21\" href=\"https:\/\/www.chuipastres.net\/joompag\/lapagode\/cx-21.pdf\" target=\"_blank\" rel=\"noopener noreferrer\">CX-21<\/a> : aventure . (<span style=\"color: #ff9900;\"><strong>SR3<\/strong><\/span>)<br \/><strong>SHADOWRUN<\/strong> &#8211; <a title=\"Le Cimetiere des Cyber Elephants\" href=\"https:\/\/www.chuipastres.net\/joompag\/lapagode\/elephants.pdf\" target=\"_blank\" rel=\"noopener noreferrer\">Le Cimeti\u00e8re des cyber-\u00e9l\u00e9phants<\/a> : aventure . (<span style=\"color: #ff9900;\"><strong>SR3<\/strong><\/span>)<br \/><strong>SHADOWRUN<\/strong> &#8211; <a title=\"Sauvez John Cage\" href=\"https:\/\/www.chuipastres.net\/joompag\/lapagode\/j-cage.pdf\" target=\"_blank\" rel=\"noopener noreferrer\">Sauvez John Cage<\/a> : aventure . (<span style=\"color: #ff9900;\"><strong>SR3<\/strong><\/span>)<br \/><strong>SHADOWRUN<\/strong> &#8211; <a title=\"Un Rat Dans les Ombres\" href=\"https:\/\/www.chuipastres.net\/joompag\/lapagode\/rat-ombre.pdf\" target=\"_blank\" rel=\"noopener noreferrer\">Un rat dans les ombres<\/a> : aventure . (<span style=\"color: #ff9900;\"><strong>SR3<\/strong><\/span>)<\/p>\n<p><strong>STAR TREK 2254 <\/strong>&#8211; <a title=\"Une once de libert\u00e9\" href=\"https:\/\/www.chuipastres.net\/joompag\/lapagode\/ST2254-une_once_de_liberte.pdf\" target=\"_blank\" rel=\"noopener noreferrer\">Une once de libert\u00e9<\/a> : une aventure orient\u00e9e RP\/r\u00e9flexion.<\/p>\n<p><strong>STAR WARS<\/strong> &#8211; <a title=\"\u00c9tats d'\u00e2mes \u00e0 Nar Shaddaa\" href=\"https:\/\/www.chuipastres.net\/joompag\/lapagode\/SW-Etats_dames_a_NS.pdf\" target=\"_blank\" rel=\"noopener noreferrer\">\u00c9tats d&rsquo;\u00e2mes \u00e0 Nar Shaddaa<\/a> : aventure se d\u00e9roulant de pr\u00e9f\u00e9rence \u00e0 l&rsquo;\u00e9poque de l&rsquo;Empire Galactique, ce sc\u00e9nario d&rsquo;enqu\u00eate n\u00e9cessite un disciple de la Force. (<span style=\"color: #ff9900;\"><strong>SW D6<\/strong><\/span>)<\/p>\n<p><strong>TMNT &#8211; Teenage Mutant Ninja Turtle<\/strong> &#8211; <a title=\"\u00c9tats d'\u00e2mes \u00e0 Nar Shaddaa\" href=\"https:\/\/www.chuipastres.net\/joompag\/lapagode\/TMNT-LosTresChicos.pdf\" target=\"_blank\" rel=\"noopener noreferrer\">Los Tres Chicos<\/a> : aventure<\/p>\n<p><strong>ZCORPS<\/strong> &#8211; <a title=\"Cold Bear\" href=\"https:\/\/www.chuipastres.net\/joompag\/lapagode\/ColdBear.pdf\" target=\"_blank\" rel=\"noopener noreferrer\">Cold Bear<\/a> : aventure bas\u00e9e sur le synopsis du livre de base : Les ours de Kodiak.<\/p>\n\n\n<p><\/p>\n\n\n\n<p><\/p>\n","protected":false},"excerpt":{"rendered":"<p>D&amp;D &#8211; Sur la route de Port d&rsquo;Elhour : aventure pour Ravenloft. (AD&amp;D2) JB007 &#8211;\u00a0Les recrues ne meurent jamais : aventure pour 2 recrues L5R\/L5A &#8211; Le Clan du Vautour : Aide de jeu. (L5A\u00a0 1\u00e8re ed.) PARANOIA &#8211; Formulaire de suivi des clarificateurs POLARIS &#8211; Soci\u00e9t\u00e9 SIRENE : Aide de jeu (v1.0 &#8211; 22 &hellip; <a href=\"https:\/\/chuipastres.net\/joompag\/telechargements\/\" class=\"more-link\">Continuer la lecture<span class=\"screen-reader-text\"> de &laquo;&nbsp;T\u00e9l\u00e9chargements&nbsp;&raquo;<\/span><\/a><\/p>\n","protected":false},"author":2,"featured_media":0,"parent":0,"menu_order":1,"comment_status":"closed","ping_status":"open","template":"","meta":{"footnotes":""},"class_list":["post-172","page","type-page","status-publish","hentry"],"_links":{"self":[{"href":"https:\/\/chuipastres.net\/joompag\/wp-json\/wp\/v2\/pages\/172","targetHints":{"allow":["GET"]}}],"collection":[{"href":"https:\/\/chuipastres.net\/joompag\/wp-json\/wp\/v2\/pages"}],"about":[{"href":"https:\/\/chuipastres.net\/joompag\/wp-json\/wp\/v2\/types\/page"}],"author":[{"embeddable":true,"href":"https:\/\/chuipastres.net\/joompag\/wp-json\/wp\/v2\/users\/2"}],"replies":[{"embeddable":true,"href":"https:\/\/chuipastres.net\/joompag\/wp-json\/wp\/v2\/comments?post=172"}],"version-history":[{"count":5,"href":"https:\/\/chuipastres.net\/joompag\/wp-json\/wp\/v2\/pages\/172\/revisions"}],"predecessor-version":[{"id":769,"href":"https:\/\/chuipastres.net\/joompag\/wp-json\/wp\/v2\/pages\/172\/revisions\/769"}],"wp:attachment":[{"href":"https:\/\/chuipastres.net\/joompag\/wp-json\/wp\/v2\/media?parent=172"}],"curies":[{"name":"wp","href":"https:\/\/api.w.org\/{rel}","templated":true}]}}